{"id":4455,"date":"2023-01-05T11:24:42","date_gmt":"2023-01-05T10:24:42","guid":{"rendered":"https:\/\/clickyourflat-travel.com\/?page_id=4455"},"modified":"2024-03-16T10:09:59","modified_gmt":"2024-03-16T09:09:59","slug":"cgu","status":"publish","type":"page","link":"https:\/\/clickyourflat.com\/fr\/cgu\/","title":{"rendered":"Page l\u00e9gales : CGU"},"content":{"rendered":"\t\t<div data-elementor-type=\"wp-page\" data-elementor-id=\"4455\" class=\"elementor elementor-4455\" data-elementor-post-type=\"page\">\n\t\t\t\t\t\t<section class=\"elementor-section elementor-top-section elementor-element elementor-element-60c5365 elementor-section-boxed elementor-section-height-default elementor-section-height-default\" data-id=\"60c5365\" data-element_type=\"section\">\n\t\t\t\t\t\t<div class=\"elementor-container elementor-column-gap-default\">\n\t\t\t\t\t<div class=\"elementor-column elementor-col-100 elementor-top-column elementor-element elementor-element-c595a47\" data-id=\"c595a47\" data-element_type=\"column\">\n\t\t\t<div class=\"elementor-widget-wrap elementor-element-populated\">\n\t\t\t\t\t\t<div class=\"elementor-element elementor-element-e557ca4 elementor-widget elementor-widget-text-editor\" data-id=\"e557ca4\" data-element_type=\"widget\" data-widget_type=\"text-editor.default\">\n\t\t\t\t<div class=\"elementor-widget-container\">\n\t\t\t\t\t\t\t\t\t<p><b>MENTIONS LEGALES<\/b><\/p><p><span style=\"font-weight: 400;\">CLICKYOURFLAT, Soci\u00e9t\u00e9 par Actions Simplifi\u00e9e<\/span><\/p><p><span style=\"font-weight: 400;\">Si\u00e8ge Social\u00a0: 17, Rue du Caire 75 002 Paris<\/span><\/p><p><span style=\"font-weight: 400;\">Num\u00e9ro d\u2019inscription au Registre du Commerce et des Soci\u00e9t\u00e9s de Paris : 840 738 496<\/span><\/p><p><span style=\"font-weight: 400;\">Capital social : 1 000 \u20ac<\/span><\/p><p><span style=\"font-weight: 400;\">Num\u00e9ro de TVA intracommunautaire : FR 63 840 738 496<\/span><\/p><p><span style=\"font-weight: 400;\">Num\u00e9ro de carte professionnelle : CPI 9301 2019 000 041 430<\/span><\/p><p><span style=\"font-weight: 400;\">Caisse de garantie : 750.000 EUR<\/span><\/p><p><span style=\"font-weight: 400;\">Merci de lire avec attention les diff\u00e9rentes modalit\u00e9s d\u2019utilisation du pr\u00e9sent site avant d\u2019y parcourir ses pages. En vous connectant sur ce site, vous acceptez sans r\u00e9serve les pr\u00e9sentes modalit\u00e9s.\u00a0<\/span><\/p><p><span style=\"font-weight: 400;\">Aussi, conform\u00e9ment \u00e0 l\u2019article n\u00b06 de la Loi n\u00b02004-575 du 21 Juin 2004 pour la confiance dans l\u2019\u00e9conomie num\u00e9rique, le responsable du pr\u00e9sent site internet\u00a0<\/span><a href=\"https:\/\/clickyourflat.com\"><span style=\"font-weight: 400;\">www.clickyourflat.com<\/span><\/a><span style=\"font-weight: 400;\">\u00a0est: Mr Allouche Cedric<\/span><\/p><p><b>Editeur du Site :\u00a0<\/b><span style=\"font-weight: 400;\">CLICKYOURFLAT\u00a0 &#8211; Num\u00e9ro de RCS <\/span><span style=\"font-weight: 400;\">840 738 496<\/span><span style=\"font-weight: 400;\"> :\u00a0 Responsable \u00e9ditorial : Monsieur C\u00e9dric ALLOUCHE\u00a0 &#8211; 17, rue du Caire 75002 Paris\u00a0 T\u00e9l\u00e9phone :\u00a0 +33 9 53 61 09 28 \u2013 contact@clickyourflat.com Site Web :\u00a0<\/span><a href=\"https:\/\/clickyourflat.com\"><span style=\"font-weight: 400;\">www.clickyourflat.com<\/span><\/a><\/p><p><b>H\u00e9bergement :<\/b><b>\u00a0<\/b><span style=\"font-weight: 400;\">H\u00e9bergeur :\u00a0 OVH<\/span><\/p><p><b>Conditions d\u2019utilisation :\u00a0<\/b><span style=\"font-weight: 400;\"> Nous vous recommandons de recourir \u00e0 des navigateurs modernes comme Internet explorer, Safari, Firefox, Google Chrome, etc\u2026<\/span><\/p><p><span style=\"font-weight: 400;\">La Soci\u00e9t\u00e9 CLICKYOURFLAT<\/span><b>\u00a0<\/b><span style=\"font-weight: 400;\">met en \u0153uvre tous les moyens dont elle dispose, pour assurer une information fiable et une mise \u00e0 jour fiable de son site internet. Toutefois, des erreurs ou omissions peuvent survenir. L\u2019internaute devra donc s\u2019assurer de l\u2019exactitude des informations aupr\u00e8s de CLICKYOURFLAT, et signaler toutes modifications du site qu\u2019il jugerait utile.\u00a0<\/span><\/p><p><span style=\"font-weight: 400;\">La Soci\u00e9t\u00e9 CLICKYOURFLAT n\u2019est en aucun cas responsable de l\u2019utilisation faite de ces informations, et de tout pr\u00e9judice direct ou indirect pouvant en d\u00e9couler.<\/span><\/p>\t\t\t\t\t\t\t\t<\/div>\n\t\t\t\t<\/div>\n\t\t\t\t\t<\/div>\n\t\t<\/div>\n\t\t\t\t\t<\/div>\n\t\t<\/section>\n\t\t\t\t<\/div>\n\t\t","protected":false},"excerpt":{"rendered":"<p>MENTIONS LEGALES CLICKYOURFLAT, Soci\u00e9t\u00e9 par Actions Simplifi\u00e9e Si\u00e8ge Social\u00a0: 17, Rue du Caire 75 002 Paris Num\u00e9ro d\u2019inscription au Registre du Commerce et des Soci\u00e9t\u00e9s de Paris : 840 738 496 Capital social : 1 000 \u20ac Num\u00e9ro de TVA intracommunautaire : FR 63 840 738 496 Num\u00e9ro de carte professionnelle : CPI 9301 2019 [&hellip;]<\/p>\n","protected":false},"author":1,"featured_media":0,"parent":0,"menu_order":0,"comment_status":"closed","ping_status":"closed","template":"","meta":{"footnotes":""},"folder":[],"class_list":["post-4455","page","type-page","status-publish","hentry"],"yoast_head":"<!-- This site is optimized with the Yoast SEO plugin v26.6 - https:\/\/yoast.com\/wordpress\/plugins\/seo\/ -->\n<title>Conditions g\u00e9n\u00e9rales d&#039;utilisation - ClickYourFlat<\/title>\n<meta name=\"description\" content=\"D\u00e9couvrez nos conditions g\u00e9n\u00e9rales d&#039;utilisation. Tout ce que vous devez savoir pour utiliser notre site web en toute s\u00e9curit\u00e9.\" \/>\n<meta name=\"robots\" content=\"noindex, nofollow\" \/>\n<meta property=\"og:locale\" content=\"fr_FR\" \/>\n<meta property=\"og:type\" content=\"article\" \/>\n<meta property=\"og:title\" content=\"Conditions g\u00e9n\u00e9rales d&#039;utilisation - ClickYourFlat\" \/>\n<meta property=\"og:description\" content=\"D\u00e9couvrez nos conditions g\u00e9n\u00e9rales d&#039;utilisation. Tout ce que vous devez savoir pour utiliser notre site web en toute s\u00e9curit\u00e9.\" \/>\n<meta property=\"og:url\" content=\"https:\/\/clickyourflat.com\/fr\/cgu\/\" \/>\n<meta property=\"og:site_name\" content=\"ClickYourFlat\" \/>\n<meta property=\"article:modified_time\" content=\"2024-03-16T09:09:59+00:00\" \/>\n<meta name=\"twitter:card\" content=\"summary_large_image\" \/>\n<meta name=\"twitter:label1\" content=\"Dur\u00e9e de lecture estim\u00e9e\" \/>\n\t<meta name=\"twitter:data1\" content=\"2 minutes\" \/>\n<script type=\"application\/ld+json\" class=\"yoast-schema-graph\">{\"@context\":\"https:\/\/schema.org\",\"@graph\":[{\"@type\":\"WebPage\",\"@id\":\"https:\/\/clickyourflat.com\/fr\/cgu\/\",\"url\":\"https:\/\/clickyourflat.com\/fr\/cgu\/\",\"name\":\"Conditions g\u00e9n\u00e9rales d'utilisation - ClickYourFlat\",\"isPartOf\":{\"@id\":\"https:\/\/clickyourflat.com\/fr\/#website\"},\"datePublished\":\"2023-01-05T10:24:42+00:00\",\"dateModified\":\"2024-03-16T09:09:59+00:00\",\"description\":\"D\u00e9couvrez nos conditions g\u00e9n\u00e9rales d'utilisation. Tout ce que vous devez savoir pour utiliser notre site web en toute s\u00e9curit\u00e9.\",\"breadcrumb\":{\"@id\":\"https:\/\/clickyourflat.com\/fr\/cgu\/#breadcrumb\"},\"inLanguage\":\"fr-FR\",\"potentialAction\":[{\"@type\":\"ReadAction\",\"target\":[\"https:\/\/clickyourflat.com\/fr\/cgu\/\"]}]},{\"@type\":\"BreadcrumbList\",\"@id\":\"https:\/\/clickyourflat.com\/fr\/cgu\/#breadcrumb\",\"itemListElement\":[{\"@type\":\"ListItem\",\"position\":1,\"name\":\"Accueil\",\"item\":\"https:\/\/clickyourflat.com\/fr\/\"},{\"@type\":\"ListItem\",\"position\":2,\"name\":\"Page l\u00e9gales : CGU\"}]},{\"@type\":\"WebSite\",\"@id\":\"https:\/\/clickyourflat.com\/fr\/#website\",\"url\":\"https:\/\/clickyourflat.com\/fr\/\",\"name\":\"ClickYourFlat\",\"description\":\"Conciergerie Airbnb\",\"publisher\":{\"@id\":\"https:\/\/clickyourflat.com\/fr\/#organization\"},\"potentialAction\":[{\"@type\":\"SearchAction\",\"target\":{\"@type\":\"EntryPoint\",\"urlTemplate\":\"https:\/\/clickyourflat.com\/fr\/?s={search_term_string}\"},\"query-input\":{\"@type\":\"PropertyValueSpecification\",\"valueRequired\":true,\"valueName\":\"search_term_string\"}}],\"inLanguage\":\"fr-FR\"},{\"@type\":\"Organization\",\"@id\":\"https:\/\/clickyourflat.com\/fr\/#organization\",\"name\":\"ClickYourFlat\",\"url\":\"https:\/\/clickyourflat.com\/fr\/\",\"logo\":{\"@type\":\"ImageObject\",\"inLanguage\":\"fr-FR\",\"@id\":\"https:\/\/clickyourflat.com\/fr\/#\/schema\/logo\/image\/\",\"url\":\"http:\/\/clickyourflat.com\/wp-content\/uploads\/2022\/12\/Logo_clickyourflat-removebg-preview-1.png\",\"contentUrl\":\"http:\/\/clickyourflat.com\/wp-content\/uploads\/2022\/12\/Logo_clickyourflat-removebg-preview-1.png\",\"width\":546,\"height\":128,\"caption\":\"ClickYourFlat\"},\"image\":{\"@id\":\"https:\/\/clickyourflat.com\/fr\/#\/schema\/logo\/image\/\"},\"sameAs\":[\"https:\/\/www.youtube.com\/channel\/UCCZIhyFbE0RQjUeW7m1ALww\",\"https:\/\/www.linkedin.com\/company\/clickyourflat\/\",\"https:\/\/www.instagram.com\/clickyourflat\/\"]}]}<\/script>\n<!-- \/ Yoast SEO plugin. -->","yoast_head_json":{"title":"Conditions g\u00e9n\u00e9rales d'utilisation - ClickYourFlat","description":"D\u00e9couvrez nos conditions g\u00e9n\u00e9rales d'utilisation. Tout ce que vous devez savoir pour utiliser notre site web en toute s\u00e9curit\u00e9.","robots":{"index":"noindex","follow":"nofollow"},"og_locale":"fr_FR","og_type":"article","og_title":"Conditions g\u00e9n\u00e9rales d'utilisation - ClickYourFlat","og_description":"D\u00e9couvrez nos conditions g\u00e9n\u00e9rales d'utilisation. Tout ce que vous devez savoir pour utiliser notre site web en toute s\u00e9curit\u00e9.","og_url":"https:\/\/clickyourflat.com\/fr\/cgu\/","og_site_name":"ClickYourFlat","article_modified_time":"2024-03-16T09:09:59+00:00","twitter_card":"summary_large_image","twitter_misc":{"Dur\u00e9e de lecture estim\u00e9e":"2 minutes"},"schema":{"@context":"https:\/\/schema.org","@graph":[{"@type":"WebPage","@id":"https:\/\/clickyourflat.com\/fr\/cgu\/","url":"https:\/\/clickyourflat.com\/fr\/cgu\/","name":"Conditions g\u00e9n\u00e9rales d'utilisation - ClickYourFlat","isPartOf":{"@id":"https:\/\/clickyourflat.com\/fr\/#website"},"datePublished":"2023-01-05T10:24:42+00:00","dateModified":"2024-03-16T09:09:59+00:00","description":"D\u00e9couvrez nos conditions g\u00e9n\u00e9rales d'utilisation. Tout ce que vous devez savoir pour utiliser notre site web en toute s\u00e9curit\u00e9.","breadcrumb":{"@id":"https:\/\/clickyourflat.com\/fr\/cgu\/#breadcrumb"},"inLanguage":"fr-FR","potentialAction":[{"@type":"ReadAction","target":["https:\/\/clickyourflat.com\/fr\/cgu\/"]}]},{"@type":"BreadcrumbList","@id":"https:\/\/clickyourflat.com\/fr\/cgu\/#breadcrumb","itemListElement":[{"@type":"ListItem","position":1,"name":"Accueil","item":"https:\/\/clickyourflat.com\/fr\/"},{"@type":"ListItem","position":2,"name":"Page l\u00e9gales : CGU"}]},{"@type":"WebSite","@id":"https:\/\/clickyourflat.com\/fr\/#website","url":"https:\/\/clickyourflat.com\/fr\/","name":"ClickYourFlat","description":"Conciergerie Airbnb","publisher":{"@id":"https:\/\/clickyourflat.com\/fr\/#organization"},"potentialAction":[{"@type":"SearchAction","target":{"@type":"EntryPoint","urlTemplate":"https:\/\/clickyourflat.com\/fr\/?s={search_term_string}"},"query-input":{"@type":"PropertyValueSpecification","valueRequired":true,"valueName":"search_term_string"}}],"inLanguage":"fr-FR"},{"@type":"Organization","@id":"https:\/\/clickyourflat.com\/fr\/#organization","name":"ClickYourFlat","url":"https:\/\/clickyourflat.com\/fr\/","logo":{"@type":"ImageObject","inLanguage":"fr-FR","@id":"https:\/\/clickyourflat.com\/fr\/#\/schema\/logo\/image\/","url":"http:\/\/clickyourflat.com\/wp-content\/uploads\/2022\/12\/Logo_clickyourflat-removebg-preview-1.png","contentUrl":"http:\/\/clickyourflat.com\/wp-content\/uploads\/2022\/12\/Logo_clickyourflat-removebg-preview-1.png","width":546,"height":128,"caption":"ClickYourFlat"},"image":{"@id":"https:\/\/clickyourflat.com\/fr\/#\/schema\/logo\/image\/"},"sameAs":["https:\/\/www.youtube.com\/channel\/UCCZIhyFbE0RQjUeW7m1ALww","https:\/\/www.linkedin.com\/company\/clickyourflat\/","https:\/\/www.instagram.com\/clickyourflat\/"]}]}},"_links":{"self":[{"href":"https:\/\/clickyourflat.com\/fr\/wp-json\/wp\/v2\/pages\/4455","targetHints":{"allow":["GET"]}}],"collection":[{"href":"https:\/\/clickyourflat.com\/fr\/wp-json\/wp\/v2\/pages"}],"about":[{"href":"https:\/\/clickyourflat.com\/fr\/wp-json\/wp\/v2\/types\/page"}],"author":[{"embeddable":true,"href":"https:\/\/clickyourflat.com\/fr\/wp-json\/wp\/v2\/users\/1"}],"replies":[{"embeddable":true,"href":"https:\/\/clickyourflat.com\/fr\/wp-json\/wp\/v2\/comments?post=4455"}],"version-history":[{"count":0,"href":"https:\/\/clickyourflat.com\/fr\/wp-json\/wp\/v2\/pages\/4455\/revisions"}],"wp:attachment":[{"href":"https:\/\/clickyourflat.com\/fr\/wp-json\/wp\/v2\/media?parent=4455"}],"wp:term":[{"taxonomy":"folder","embeddable":true,"href":"https:\/\/clickyourflat.com\/fr\/wp-json\/wp\/v2\/folder?post=4455"}],"curies":[{"name":"wp","href":"https:\/\/api.w.org\/{rel}","templated":true}]}}